{"id":127,"date":"2024-05-15T21:19:23","date_gmt":"2024-05-15T21:19:23","guid":{"rendered":"https:\/\/alacraie.ca\/?page_id=127"},"modified":"2024-07-11T00:47:15","modified_gmt":"2024-07-11T00:47:15","slug":"nous-joindre","status":"publish","type":"page","link":"https:\/\/alacraie.ca\/en\/nous-joindre","title":{"rendered":"Contact"},"content":{"rendered":"<div class=\"wp-block-cover alignwide has-large-font-size\" style=\"padding-top:0;padding-bottom:0;min-height:373px;aspect-ratio:unset;\"><span aria-hidden=\"true\" class=\"wp-block-cover__background has-background-dim-0 has-background-dim\" style=\"background-color:#FFF\"><\/span><img loading=\"lazy\" decoding=\"async\" width=\"2475\" height=\"2475\" class=\"wp-block-cover__image-background wp-image-128\" alt=\"\" src=\"http:\/\/alacraie.ca\/wp-content\/uploads\/2024\/05\/contact.png\" style=\"object-position:100% 45%\" data-object-fit=\"cover\" data-object-position=\"100% 45%\" srcset=\"https:\/\/alacraie.ca\/wp-content\/uploads\/2024\/05\/contact.png 2475w, https:\/\/alacraie.ca\/wp-content\/uploads\/2024\/05\/contact-300x300.png 300w, https:\/\/alacraie.ca\/wp-content\/uploads\/2024\/05\/contact-1024x1024.png 1024w, https:\/\/alacraie.ca\/wp-content\/uploads\/2024\/05\/contact-150x150.png 150w, https:\/\/alacraie.ca\/wp-content\/uploads\/2024\/05\/contact-768x768.png 768w, https:\/\/alacraie.ca\/wp-content\/uploads\/2024\/05\/contact-1536x1536.png 1536w, https:\/\/alacraie.ca\/wp-content\/uploads\/2024\/05\/contact-2048x2048.png 2048w, https:\/\/alacraie.ca\/wp-content\/uploads\/2024\/05\/contact-12x12.png 12w\" sizes=\"auto, (max-width: 2475px) 100vw, 2475px\" \/><div class=\"wp-block-cover__inner-container is-layout-flow wp-block-cover-is-layout-flow\">\n<p class=\"has-text-align-center has-large-font-size\"><\/p>\n<\/div><\/div>\n\n\n\n<div class=\"wp-block-columns is-layout-flex wp-container-core-columns-is-layout-28f84493 wp-block-columns-is-layout-flex\">\n<div class=\"wp-block-column is-layout-flow wp-block-column-is-layout-flow\">\n<div class=\"wp-block-buttons is-content-justification-center is-layout-flex wp-container-core-buttons-is-layout-a89b3969 wp-block-buttons-is-layout-flex\">\n<div class=\"wp-block-button\"><a class=\"wp-block-button__link wp-element-button\" href=\"\/en\/chune011@icloud.com\/\">Email<\/a><\/div>\n<\/div>\n<\/div>\n\n\n\n<div class=\"wp-block-column is-layout-flow wp-block-column-is-layout-flow\">\n<div class=\"wp-block-buttons is-content-justification-center is-layout-flex wp-container-core-buttons-is-layout-a89b3969 wp-block-buttons-is-layout-flex\">\n<div class=\"wp-block-button\"><a class=\"wp-block-button__link wp-element-button\" href=\"https:\/\/www.facebook.com\/alacraie\/\">Facebook<\/a><\/div>\n<\/div>\n<\/div>\n<\/div>\n\n\n\n<p>To contact us with any questions, feel free to write to us.<br>Please send an email to <a href=\"mailto:alacraie@icloud.com\">alacraie@icloud.com<\/a><\/p>","protected":false},"excerpt":{"rendered":"<p>Pour toute question, n&rsquo;h\u00e9sitez pas \u00e0 nous \u00e9crire.Merci d&rsquo;envoyer un courriel \u00e0 alacraie@icloud.com<\/p>","protected":false},"author":1,"featured_media":0,"parent":0,"menu_order":0,"comment_status":"closed","ping_status":"closed","template":"","meta":{"footnotes":""},"class_list":["post-127","page","type-page","status-publish","hentry"],"_links":{"self":[{"href":"https:\/\/alacraie.ca\/en\/wp-json\/wp\/v2\/pages\/127","targetHints":{"allow":["GET"]}}],"collection":[{"href":"https:\/\/alacraie.ca\/en\/wp-json\/wp\/v2\/pages"}],"about":[{"href":"https:\/\/alacraie.ca\/en\/wp-json\/wp\/v2\/types\/page"}],"author":[{"embeddable":true,"href":"https:\/\/alacraie.ca\/en\/wp-json\/wp\/v2\/users\/1"}],"replies":[{"embeddable":true,"href":"https:\/\/alacraie.ca\/en\/wp-json\/wp\/v2\/comments?post=127"}],"version-history":[{"count":8,"href":"https:\/\/alacraie.ca\/en\/wp-json\/wp\/v2\/pages\/127\/revisions"}],"predecessor-version":[{"id":149,"href":"https:\/\/alacraie.ca\/en\/wp-json\/wp\/v2\/pages\/127\/revisions\/149"}],"wp:attachment":[{"href":"https:\/\/alacraie.ca\/en\/wp-json\/wp\/v2\/media?parent=127"}],"curies":[{"name":"wp","href":"https:\/\/api.w.org\/{rel}","templated":true}]}}